{"id":29,"date":"2017-12-04T09:21:12","date_gmt":"2017-12-04T08:21:12","guid":{"rendered":"https:\/\/najmniejsi.com\/?page_id=29"},"modified":"2024-11-23T13:34:05","modified_gmt":"2024-11-23T12:34:05","slug":"polecam","status":"publish","type":"page","link":"https:\/\/najmniejsi.com\/index.php\/polecam\/","title":{"rendered":"Polecam"},"content":{"rendered":"<p>Pracujemy z najlepszymi i polecamy Wam serdecznie :<\/p>\n<p>Zespo\u0142y muzyczne<br \/>\nZesp\u00f3\u0142 Reda<br \/>\nBlack Jack<br \/>\nFor You Band<br \/>\nNie Ma Sprawy<br \/>\nR\u00f3\u017cowa Pantera Band<br \/>\nTequila<\/p>\n<p>Sale weselne<br \/>\nOld Joker<br \/>\nAdria<br \/>\nArkadia<br \/>\nCzarny Gro\u0144<br \/>\nCzerwona R\u00f3\u017ca<br \/>\nKarpik<br \/>\nParkHotel \u0141yso\u0144<br \/>\nPolonez<br \/>\nTequila Event<br \/>\nLaRossa<br \/>\nHotel Badura<\/p>\n","protected":false},"excerpt":{"rendered":"<p>Pracujemy z najlepszymi i polecamy Wam serdecznie : Zespo\u0142y muzyczne Zesp\u00f3\u0142 Reda Black Jack For You Band Nie Ma Sprawy R\u00f3\u017cowa Pantera Band Tequila Sale weselne Old Joker Adria Arkadia Czarny Gro\u0144 Czerwona R\u00f3\u017ca Karpik<span class=\"more-button\"><a href=\"https:\/\/najmniejsi.com\/index.php\/polecam\/\" class=\"more-link\">Continue reading<span class=\"screen-reader-text\">Polecam<\/span><i class=\"fa fa-angle-right\" aria-hidden=\"true\"><\/i><\/a><\/span><\/p>\n","protected":false},"author":1,"featured_media":0,"parent":0,"menu_order":0,"comment_status":"closed","ping_status":"closed","template":"","meta":{"pgc_sgb_lightbox_settings":"","jetpack_post_was_ever_published":false,"footnotes":""},"class_list":["post-29","page","type-page","status-publish","hentry"],"jetpack_sharing_enabled":true,"jetpack_shortlink":"https:\/\/wp.me\/P9JUqJ-t","jetpack_likes_enabled":true,"jetpack-related-posts":[],"_links":{"self":[{"href":"https:\/\/najmniejsi.com\/index.php\/wp-json\/wp\/v2\/pages\/29","targetHints":{"allow":["GET"]}}],"collection":[{"href":"https:\/\/najmniejsi.com\/index.php\/wp-json\/wp\/v2\/pages"}],"about":[{"href":"https:\/\/najmniejsi.com\/index.php\/wp-json\/wp\/v2\/types\/page"}],"author":[{"embeddable":true,"href":"https:\/\/najmniejsi.com\/index.php\/wp-json\/wp\/v2\/users\/1"}],"replies":[{"embeddable":true,"href":"https:\/\/najmniejsi.com\/index.php\/wp-json\/wp\/v2\/comments?post=29"}],"version-history":[{"count":8,"href":"https:\/\/najmniejsi.com\/index.php\/wp-json\/wp\/v2\/pages\/29\/revisions"}],"predecessor-version":[{"id":109451,"href":"https:\/\/najmniejsi.com\/index.php\/wp-json\/wp\/v2\/pages\/29\/revisions\/109451"}],"wp:attachment":[{"href":"https:\/\/najmniejsi.com\/index.php\/wp-json\/wp\/v2\/media?parent=29"}],"curies":[{"name":"wp","href":"https:\/\/api.w.org\/{rel}","templated":true}]}}