{"id":74,"date":"2017-12-04T09:45:05","date_gmt":"2017-12-04T08:45:05","guid":{"rendered":"https:\/\/najmniejsi.com\/?page_id=74"},"modified":"2024-11-22T20:42:08","modified_gmt":"2024-11-22T19:42:08","slug":"fotografia-slubna-2","status":"publish","type":"page","link":"https:\/\/najmniejsi.com\/index.php\/oferta\/fotografia-slubna-2\/","title":{"rendered":"Fotografia \u015alubna"},"content":{"rendered":"\t\t<div data-elementor-type=\"wp-page\" data-elementor-id=\"74\" class=\"elementor elementor-74\">\n\t\t\t\t<div class=\"elementor-element elementor-element-4d65ba48 e-flex e-con-boxed e-con e-parent\" data-id=\"4d65ba48\" data-element_type=\"container\">\n\t\t\t\t\t<div class=\"e-con-inner\">\n\t\t\t\t<div class=\"elementor-element elementor-element-639bdcd elementor-widget elementor-widget-heading\" data-id=\"639bdcd\" data-element_type=\"widget\" data-widget_type=\"heading.default\">\n\t\t\t\t<div class=\"elementor-widget-container\">\n\t\t\t\t\t<h1 class=\"elementor-heading-title elementor-size-default\">REPORTA\u017b \u015aLUBNY<\/h1>\t\t\t\t<\/div>\n\t\t\t\t<\/div>\n\t\t<div class=\"elementor-element elementor-element-21ef5c5 e-grid e-con-full e-con e-child\" data-id=\"21ef5c5\" data-element_type=\"container\">\n\t\t\t\t<div class=\"elementor-element elementor-element-6323f28 elementor-widget elementor-widget-text-editor\" data-id=\"6323f28\" data-element_type=\"widget\" data-widget_type=\"text-editor.default\">\n\t\t\t\t<div class=\"elementor-widget-container\">\n\t\t\t\t\t\t\t\t\t<p lang=\"pl-PL\" align=\"LEFT\">12 godzin pracy fotografa obejmuje:<\/p><ul><li>przygotowania;<\/li><li>b\u0142ogos\u0142awie\u0144stwo;<\/li><li>ceremonie \u015blubn\u0105;<\/li><li>zdj\u0119cia grupowe, portrety;<\/li><li>przyj\u0119cie weselne do oczepin w\u0142\u0105cznie<br \/><em>(do godziny\u00a0<b>1:00<\/b>)<\/em>.<\/li><li style=\"list-style-type: none;\">\u00a0<\/li><\/ul>\t\t\t\t\t\t\t\t<\/div>\n\t\t\t\t<\/div>\n\t\t\t\t<div class=\"elementor-element elementor-element-e5454d1 elementor-widget elementor-widget-image\" data-id=\"e5454d1\" data-element_type=\"widget\" data-widget_type=\"image.default\">\n\t\t\t\t<div class=\"elementor-widget-container\">\n\t\t\t\t\t\t\t\t\t\t\t\t\t\t\t<img fetchpriority=\"high\" decoding=\"async\" data-attachment-id=\"103580\" data-permalink=\"https:\/\/najmniejsi.com\/przyg_481\/\" data-orig-file=\"https:\/\/i0.wp.com\/najmniejsi.com\/wp-content\/uploads\/2024\/11\/przyg_481.jpg?fit=1024%2C683&amp;ssl=1\" data-orig-size=\"1024,683\" data-comments-opened=\"1\" data-image-meta=\"{&quot;aperture&quot;:&quot;0&quot;,&quot;credit&quot;:&quot;&quot;,&quot;camera&quot;:&quot;&quot;,&quot;caption&quot;:&quot;&quot;,&quot;created_timestamp&quot;:&quot;1597491686&quot;,&quot;copyright&quot;:&quot;&quot;,&quot;focal_length&quot;:&quot;0&quot;,&quot;iso&quot;:&quot;0&quot;,&quot;shutter_speed&quot;:&quot;0&quot;,&quot;title&quot;:&quot;&quot;,&quot;orientation&quot;:&quot;1&quot;}\" data-image-title=\"przyg_481\" data-image-description=\"\" data-image-caption=\"\" data-medium-file=\"https:\/\/i0.wp.com\/najmniejsi.com\/wp-content\/uploads\/2024\/11\/przyg_481.jpg?fit=300%2C200&amp;ssl=1\" data-large-file=\"https:\/\/i0.wp.com\/najmniejsi.com\/wp-content\/uploads\/2024\/11\/przyg_481.jpg?fit=940%2C627&amp;ssl=1\" width=\"820\" height=\"547\" src=\"https:\/\/i0.wp.com\/najmniejsi.com\/wp-content\/uploads\/2024\/11\/przyg_481.jpg?fit=820%2C547&amp;ssl=1\" class=\"attachment-large size-large wp-image-103580\" alt=\"\" srcset=\"https:\/\/i0.wp.com\/najmniejsi.com\/wp-content\/uploads\/2024\/11\/przyg_481.jpg?w=1024&amp;ssl=1 1024w, https:\/\/i0.wp.com\/najmniejsi.com\/wp-content\/uploads\/2024\/11\/przyg_481.jpg?resize=300%2C200&amp;ssl=1 300w, https:\/\/i0.wp.com\/najmniejsi.com\/wp-content\/uploads\/2024\/11\/przyg_481.jpg?resize=768%2C512&amp;ssl=1 768w, https:\/\/i0.wp.com\/najmniejsi.com\/wp-content\/uploads\/2024\/11\/przyg_481.jpg?resize=180%2C120&amp;ssl=1 180w\" sizes=\"(max-width: 820px) 100vw, 820px\" data-attachment-id=\"103580\" data-permalink=\"https:\/\/najmniejsi.com\/przyg_481\/\" data-orig-file=\"https:\/\/i0.wp.com\/najmniejsi.com\/wp-content\/uploads\/2024\/11\/przyg_481.jpg?fit=1024%2C683&amp;ssl=1\" data-orig-size=\"1024,683\" data-comments-opened=\"1\" data-image-meta=\"{&quot;aperture&quot;:&quot;0&quot;,&quot;credit&quot;:&quot;&quot;,&quot;camera&quot;:&quot;&quot;,&quot;caption&quot;:&quot;&quot;,&quot;created_timestamp&quot;:&quot;1597491686&quot;,&quot;copyright&quot;:&quot;&quot;,&quot;focal_length&quot;:&quot;0&quot;,&quot;iso&quot;:&quot;0&quot;,&quot;shutter_speed&quot;:&quot;0&quot;,&quot;title&quot;:&quot;&quot;,&quot;orientation&quot;:&quot;1&quot;}\" data-image-title=\"przyg_481\" data-image-description=\"\" data-image-caption=\"\" data-medium-file=\"https:\/\/i0.wp.com\/najmniejsi.com\/wp-content\/uploads\/2024\/11\/przyg_481.jpg?fit=300%2C200&amp;ssl=1\" data-large-file=\"https:\/\/i0.wp.com\/najmniejsi.com\/wp-content\/uploads\/2024\/11\/przyg_481.jpg?fit=820%2C547&amp;ssl=1\" \/>\t\t\t\t\t\t\t\t\t\t\t\t\t\t\t<\/div>\n\t\t\t\t<\/div>\n\t\t\t\t<\/div>\n\t\t\t\t<div class=\"elementor-element elementor-element-79a3afc elementor-widget elementor-widget-text-editor\" data-id=\"79a3afc\" data-element_type=\"widget\" data-widget_type=\"text-editor.default\">\n\t\t\t\t<div class=\"elementor-widget-container\">\n\t\t\t\t\t\t\t\t\t<p lang=\"pl-PL\" align=\"LEFT\">Otrzymujecie:<\/p><ul><li lang=\"pl-PL\"><span style=\"font-size: 1.125rem;\">materia\u0142 zdj\u0119ciowy (600 zdj\u0119\u0107) poddany autorskiej obr\u00f3bce przekazany na spersonalizowanym dysku USB;<\/span><\/li><li>3 kopie p\u0142yt DVD z reporta\u017cem \u2013 indywidualnie projektowane ok\u0142adki oraz nadruki p\u0142yt; lub 3 pendrive z reporta\u017cem<\/li><li>galeria internetowa zabezpieczona has\u0142em;<\/li><li>odbitki w formacie 15\u00d721 \u2013 100 szt;<\/li><li>dojazd 100 km gratis (powy\u017cej 1z\u0142\/km).<\/li><\/ul><p lang=\"pl-PL\" align=\"LEFT\"><em>Ka\u017cda dodatkowa godzina pracy za dop\u0142at\u0105<\/em><\/p>\t\t\t\t\t\t\t\t<\/div>\n\t\t\t\t<\/div>\n\t\t\t\t<div class=\"elementor-element elementor-element-9143e81 elementor-widget elementor-widget-heading\" data-id=\"9143e81\" data-element_type=\"widget\" data-widget_type=\"heading.default\">\n\t\t\t\t<div class=\"elementor-widget-container\">\n\t\t\t\t\t<h1 class=\"elementor-heading-title elementor-size-default\">PLENER<\/h1>\t\t\t\t<\/div>\n\t\t\t\t<\/div>\n\t\t\t\t<div class=\"elementor-element elementor-element-7b38a6a elementor-position-top elementor-widget elementor-widget-image-box\" data-id=\"7b38a6a\" data-element_type=\"widget\" data-widget_type=\"image-box.default\">\n\t\t\t\t<div class=\"elementor-widget-container\">\n\t\t\t\t\t<div class=\"elementor-image-box-wrapper\"><figure class=\"elementor-image-box-img\"><img decoding=\"async\" data-attachment-id=\"104048\" data-permalink=\"https:\/\/najmniejsi.com\/cerem_389\/\" data-orig-file=\"https:\/\/i0.wp.com\/najmniejsi.com\/wp-content\/uploads\/2024\/11\/cerem_389.jpg?fit=1024%2C683&amp;ssl=1\" data-orig-size=\"1024,683\" data-comments-opened=\"1\" data-image-meta=\"{&quot;aperture&quot;:&quot;0&quot;,&quot;credit&quot;:&quot;&quot;,&quot;camera&quot;:&quot;&quot;,&quot;caption&quot;:&quot;&quot;,&quot;created_timestamp&quot;:&quot;1571493221&quot;,&quot;copyright&quot;:&quot;&quot;,&quot;focal_length&quot;:&quot;0&quot;,&quot;iso&quot;:&quot;0&quot;,&quot;shutter_speed&quot;:&quot;0&quot;,&quot;title&quot;:&quot;&quot;,&quot;orientation&quot;:&quot;1&quot;}\" data-image-title=\"cerem_389\" data-image-description=\"\" data-image-caption=\"\" data-medium-file=\"https:\/\/i0.wp.com\/najmniejsi.com\/wp-content\/uploads\/2024\/11\/cerem_389.jpg?fit=300%2C200&amp;ssl=1\" data-large-file=\"https:\/\/i0.wp.com\/najmniejsi.com\/wp-content\/uploads\/2024\/11\/cerem_389.jpg?fit=940%2C627&amp;ssl=1\" width=\"1024\" height=\"683\" src=\"https:\/\/i0.wp.com\/najmniejsi.com\/wp-content\/uploads\/2024\/11\/cerem_389.jpg?fit=1024%2C683&amp;ssl=1\" class=\"attachment-full size-full wp-image-104048\" alt=\"\" data-attachment-id=\"104048\" data-permalink=\"https:\/\/najmniejsi.com\/cerem_389\/\" data-orig-file=\"https:\/\/i0.wp.com\/najmniejsi.com\/wp-content\/uploads\/2024\/11\/cerem_389.jpg?fit=1024%2C683&amp;ssl=1\" data-orig-size=\"1024,683\" data-comments-opened=\"1\" data-image-meta=\"{&quot;aperture&quot;:&quot;0&quot;,&quot;credit&quot;:&quot;&quot;,&quot;camera&quot;:&quot;&quot;,&quot;caption&quot;:&quot;&quot;,&quot;created_timestamp&quot;:&quot;1571493221&quot;,&quot;copyright&quot;:&quot;&quot;,&quot;focal_length&quot;:&quot;0&quot;,&quot;iso&quot;:&quot;0&quot;,&quot;shutter_speed&quot;:&quot;0&quot;,&quot;title&quot;:&quot;&quot;,&quot;orientation&quot;:&quot;1&quot;}\" data-image-title=\"cerem_389\" data-image-description=\"\" data-image-caption=\"\" data-medium-file=\"https:\/\/i0.wp.com\/najmniejsi.com\/wp-content\/uploads\/2024\/11\/cerem_389.jpg?fit=300%2C200&amp;ssl=1\" data-large-file=\"https:\/\/i0.wp.com\/najmniejsi.com\/wp-content\/uploads\/2024\/11\/cerem_389.jpg?fit=820%2C547&amp;ssl=1\" srcset=\"https:\/\/i0.wp.com\/najmniejsi.com\/wp-content\/uploads\/2024\/11\/cerem_389.jpg?w=1024&amp;ssl=1 1024w, https:\/\/i0.wp.com\/najmniejsi.com\/wp-content\/uploads\/2024\/11\/cerem_389.jpg?resize=300%2C200&amp;ssl=1 300w, https:\/\/i0.wp.com\/najmniejsi.com\/wp-content\/uploads\/2024\/11\/cerem_389.jpg?resize=768%2C512&amp;ssl=1 768w, https:\/\/i0.wp.com\/najmniejsi.com\/wp-content\/uploads\/2024\/11\/cerem_389.jpg?resize=180%2C120&amp;ssl=1 180w\" sizes=\"(max-width: 940px) 100vw, 940px\" \/><\/figure><div class=\"elementor-image-box-content\"><h3 class=\"elementor-image-box-title\">Plenerowa sesja \u015blubna I<\/h3><p class=\"elementor-image-box-description\">* sesja zdj\u0119ciowa realizowana w inny dzie\u0144 ni\u017c uroczysto\u015b\u0107,\n* do 2 godzin zdj\u0119\u0107 w um\u00f3wionej lokalizacji\n(do 60km od Wadowic),\n* 50 zdj\u0119\u0107 poddanych autorskiej obr\u00f3bce,\n* galeria internetowa zabezpieczona has\u0142em,\n* materia\u0142 na p\u0142ycie DVD lub pendrive<\/p><\/div><\/div>\t\t\t\t<\/div>\n\t\t\t\t<\/div>\n\t\t\t\t<div class=\"elementor-element elementor-element-a725979 elementor-position-top elementor-widget elementor-widget-image-box\" data-id=\"a725979\" data-element_type=\"widget\" data-widget_type=\"image-box.default\">\n\t\t\t\t<div class=\"elementor-widget-container\">\n\t\t\t\t\t<div class=\"elementor-image-box-wrapper\"><figure class=\"elementor-image-box-img\"><img decoding=\"async\" data-attachment-id=\"104125\" data-permalink=\"https:\/\/najmniejsi.com\/index.php\/oferta\/fotografia-slubna-2\/angelika-i-grzegorz-1102-2\/\" data-orig-file=\"https:\/\/i0.wp.com\/najmniejsi.com\/wp-content\/uploads\/2024\/11\/Angelika-i-Grzegorz-1102.jpg?fit=2048%2C1365&amp;ssl=1\" data-orig-size=\"2048,1365\" data-comments-opened=\"1\" data-image-meta=\"{&quot;aperture&quot;:&quot;0&quot;,&quot;credit&quot;:&quot;&quot;,&quot;camera&quot;:&quot;&quot;,&quot;caption&quot;:&quot;&quot;,&quot;created_timestamp&quot;:&quot;1629572336&quot;,&quot;copyright&quot;:&quot;&quot;,&quot;focal_length&quot;:&quot;0&quot;,&quot;iso&quot;:&quot;0&quot;,&quot;shutter_speed&quot;:&quot;0&quot;,&quot;title&quot;:&quot;&quot;,&quot;orientation&quot;:&quot;1&quot;}\" data-image-title=\"Angelika i Grzegorz 1102\" data-image-description=\"\" data-image-caption=\"\" data-medium-file=\"https:\/\/i0.wp.com\/najmniejsi.com\/wp-content\/uploads\/2024\/11\/Angelika-i-Grzegorz-1102.jpg?fit=300%2C200&amp;ssl=1\" data-large-file=\"https:\/\/i0.wp.com\/najmniejsi.com\/wp-content\/uploads\/2024\/11\/Angelika-i-Grzegorz-1102.jpg?fit=940%2C627&amp;ssl=1\" width=\"2048\" height=\"1365\" src=\"https:\/\/i0.wp.com\/najmniejsi.com\/wp-content\/uploads\/2024\/11\/Angelika-i-Grzegorz-1102.jpg?fit=2048%2C1365&amp;ssl=1\" class=\"attachment-full size-full wp-image-104125\" alt=\"\" data-attachment-id=\"104125\" data-permalink=\"https:\/\/najmniejsi.com\/index.php\/oferta\/fotografia-slubna-2\/angelika-i-grzegorz-1102-2\/\" data-orig-file=\"https:\/\/i0.wp.com\/najmniejsi.com\/wp-content\/uploads\/2024\/11\/Angelika-i-Grzegorz-1102.jpg?fit=2048%2C1365&amp;ssl=1\" data-orig-size=\"2048,1365\" data-comments-opened=\"1\" data-image-meta=\"{&quot;aperture&quot;:&quot;0&quot;,&quot;credit&quot;:&quot;&quot;,&quot;camera&quot;:&quot;&quot;,&quot;caption&quot;:&quot;&quot;,&quot;created_timestamp&quot;:&quot;1629572336&quot;,&quot;copyright&quot;:&quot;&quot;,&quot;focal_length&quot;:&quot;0&quot;,&quot;iso&quot;:&quot;0&quot;,&quot;shutter_speed&quot;:&quot;0&quot;,&quot;title&quot;:&quot;&quot;,&quot;orientation&quot;:&quot;1&quot;}\" data-image-title=\"Angelika i Grzegorz 1102\" data-image-description=\"\" data-image-caption=\"\" data-medium-file=\"https:\/\/i0.wp.com\/najmniejsi.com\/wp-content\/uploads\/2024\/11\/Angelika-i-Grzegorz-1102.jpg?fit=300%2C200&amp;ssl=1\" data-large-file=\"https:\/\/i0.wp.com\/najmniejsi.com\/wp-content\/uploads\/2024\/11\/Angelika-i-Grzegorz-1102.jpg?fit=820%2C547&amp;ssl=1\" srcset=\"https:\/\/i0.wp.com\/najmniejsi.com\/wp-content\/uploads\/2024\/11\/Angelika-i-Grzegorz-1102.jpg?w=2048&amp;ssl=1 2048w, https:\/\/i0.wp.com\/najmniejsi.com\/wp-content\/uploads\/2024\/11\/Angelika-i-Grzegorz-1102.jpg?resize=300%2C200&amp;ssl=1 300w, https:\/\/i0.wp.com\/najmniejsi.com\/wp-content\/uploads\/2024\/11\/Angelika-i-Grzegorz-1102.jpg?resize=1024%2C683&amp;ssl=1 1024w, https:\/\/i0.wp.com\/najmniejsi.com\/wp-content\/uploads\/2024\/11\/Angelika-i-Grzegorz-1102.jpg?resize=768%2C512&amp;ssl=1 768w, https:\/\/i0.wp.com\/najmniejsi.com\/wp-content\/uploads\/2024\/11\/Angelika-i-Grzegorz-1102.jpg?resize=1536%2C1024&amp;ssl=1 1536w, https:\/\/i0.wp.com\/najmniejsi.com\/wp-content\/uploads\/2024\/11\/Angelika-i-Grzegorz-1102.jpg?resize=180%2C120&amp;ssl=1 180w, https:\/\/i0.wp.com\/najmniejsi.com\/wp-content\/uploads\/2024\/11\/Angelika-i-Grzegorz-1102.jpg?w=1880&amp;ssl=1 1880w\" sizes=\"(max-width: 940px) 100vw, 940px\" \/><\/figure><div class=\"elementor-image-box-content\"><h3 class=\"elementor-image-box-title\">Plenerowa sesja \u015blubna II<\/h3><p class=\"elementor-image-box-description\">* plener ca\u0142odniowy\n(np. Tatry, Karkonosze, plener zagraniczny),\n* 100 zdj\u0119\u0107 poddanych autorskiej obr\u00f3bce,\n* galeria internetowa zabezpieczona has\u0142em,\n* materia\u0142 na p\u0142ycie DVD lub pendrive.<\/p><\/div><\/div>\t\t\t\t<\/div>\n\t\t\t\t<\/div>\n\t\t\t\t<div class=\"elementor-element elementor-element-53969af elementor-position-top elementor-widget elementor-widget-image-box\" data-id=\"53969af\" data-element_type=\"widget\" data-widget_type=\"image-box.default\">\n\t\t\t\t<div class=\"elementor-widget-container\">\n\t\t\t\t\t<div class=\"elementor-image-box-wrapper\"><figure class=\"elementor-image-box-img\"><img loading=\"lazy\" decoding=\"async\" data-attachment-id=\"104149\" data-permalink=\"https:\/\/najmniejsi.com\/index.php\/oferta\/fotografia-slubna-2\/anna-i-krzysztof-plener-0251-2\/\" data-orig-file=\"https:\/\/i0.wp.com\/najmniejsi.com\/wp-content\/uploads\/2024\/11\/Anna-i-Krzysztof-plener-0251.jpg?fit=2048%2C1365&amp;ssl=1\" data-orig-size=\"2048,1365\" data-comments-opened=\"1\" data-image-meta=\"{&quot;aperture&quot;:&quot;0&quot;,&quot;credit&quot;:&quot;&quot;,&quot;camera&quot;:&quot;&quot;,&quot;caption&quot;:&quot;&quot;,&quot;created_timestamp&quot;:&quot;1662486926&quot;,&quot;copyright&quot;:&quot;&quot;,&quot;focal_length&quot;:&quot;0&quot;,&quot;iso&quot;:&quot;0&quot;,&quot;shutter_speed&quot;:&quot;0&quot;,&quot;title&quot;:&quot;&quot;,&quot;orientation&quot;:&quot;1&quot;}\" data-image-title=\"Anna i Krzysztof plener 0251\" data-image-description=\"\" data-image-caption=\"\" data-medium-file=\"https:\/\/i0.wp.com\/najmniejsi.com\/wp-content\/uploads\/2024\/11\/Anna-i-Krzysztof-plener-0251.jpg?fit=300%2C200&amp;ssl=1\" data-large-file=\"https:\/\/i0.wp.com\/najmniejsi.com\/wp-content\/uploads\/2024\/11\/Anna-i-Krzysztof-plener-0251.jpg?fit=940%2C627&amp;ssl=1\" width=\"2048\" height=\"1365\" src=\"https:\/\/i0.wp.com\/najmniejsi.com\/wp-content\/uploads\/2024\/11\/Anna-i-Krzysztof-plener-0251.jpg?fit=2048%2C1365&amp;ssl=1\" class=\"attachment-full size-full wp-image-104149\" alt=\"\" data-attachment-id=\"104149\" data-permalink=\"https:\/\/najmniejsi.com\/index.php\/oferta\/fotografia-slubna-2\/anna-i-krzysztof-plener-0251-2\/\" data-orig-file=\"https:\/\/i0.wp.com\/najmniejsi.com\/wp-content\/uploads\/2024\/11\/Anna-i-Krzysztof-plener-0251.jpg?fit=2048%2C1365&amp;ssl=1\" data-orig-size=\"2048,1365\" data-comments-opened=\"1\" data-image-meta=\"{&quot;aperture&quot;:&quot;0&quot;,&quot;credit&quot;:&quot;&quot;,&quot;camera&quot;:&quot;&quot;,&quot;caption&quot;:&quot;&quot;,&quot;created_timestamp&quot;:&quot;1662486926&quot;,&quot;copyright&quot;:&quot;&quot;,&quot;focal_length&quot;:&quot;0&quot;,&quot;iso&quot;:&quot;0&quot;,&quot;shutter_speed&quot;:&quot;0&quot;,&quot;title&quot;:&quot;&quot;,&quot;orientation&quot;:&quot;1&quot;}\" data-image-title=\"Anna i Krzysztof plener 0251\" data-image-description=\"\" data-image-caption=\"\" data-medium-file=\"https:\/\/i0.wp.com\/najmniejsi.com\/wp-content\/uploads\/2024\/11\/Anna-i-Krzysztof-plener-0251.jpg?fit=300%2C200&amp;ssl=1\" data-large-file=\"https:\/\/i0.wp.com\/najmniejsi.com\/wp-content\/uploads\/2024\/11\/Anna-i-Krzysztof-plener-0251.jpg?fit=820%2C547&amp;ssl=1\" srcset=\"https:\/\/i0.wp.com\/najmniejsi.com\/wp-content\/uploads\/2024\/11\/Anna-i-Krzysztof-plener-0251.jpg?w=2048&amp;ssl=1 2048w, https:\/\/i0.wp.com\/najmniejsi.com\/wp-content\/uploads\/2024\/11\/Anna-i-Krzysztof-plener-0251.jpg?resize=300%2C200&amp;ssl=1 300w, https:\/\/i0.wp.com\/najmniejsi.com\/wp-content\/uploads\/2024\/11\/Anna-i-Krzysztof-plener-0251.jpg?resize=1024%2C683&amp;ssl=1 1024w, https:\/\/i0.wp.com\/najmniejsi.com\/wp-content\/uploads\/2024\/11\/Anna-i-Krzysztof-plener-0251.jpg?resize=768%2C512&amp;ssl=1 768w, https:\/\/i0.wp.com\/najmniejsi.com\/wp-content\/uploads\/2024\/11\/Anna-i-Krzysztof-plener-0251.jpg?resize=1536%2C1024&amp;ssl=1 1536w, https:\/\/i0.wp.com\/najmniejsi.com\/wp-content\/uploads\/2024\/11\/Anna-i-Krzysztof-plener-0251.jpg?resize=180%2C120&amp;ssl=1 180w, https:\/\/i0.wp.com\/najmniejsi.com\/wp-content\/uploads\/2024\/11\/Anna-i-Krzysztof-plener-0251.jpg?w=1880&amp;ssl=1 1880w\" sizes=\"(max-width: 940px) 100vw, 940px\" \/><\/figure><div class=\"elementor-image-box-content\"><h3 class=\"elementor-image-box-title\">Plenerowa sesja narzecze\u0144ska<\/h3><p class=\"elementor-image-box-description\">* godzina zdj\u0119\u0107 w um\u00f3wionej lokalizacji\n(do 60km od Wadowic),\n* 30 zdj\u0119\u0107 poddanych autorskiej obr\u00f3bce,\n* galeria internetowa zabezpieczona has\u0142em,\n* materia\u0142 na p\u0142ycie DVD lub pendrive.<\/p><\/div><\/div>\t\t\t\t<\/div>\n\t\t\t\t<\/div>\n\t\t\t\t<div class=\"elementor-element elementor-element-0905c68 elementor-widget-divider--view-line elementor-widget elementor-widget-divider\" data-id=\"0905c68\" data-element_type=\"widget\" data-widget_type=\"divider.default\">\n\t\t\t\t<div class=\"elementor-widget-container\">\n\t\t\t\t\t\t\t<div class=\"elementor-divider\">\n\t\t\t<span class=\"elementor-divider-separator\">\n\t\t\t\t\t\t<\/span>\n\t\t<\/div>\n\t\t\t\t\t\t<\/div>\n\t\t\t\t<\/div>\n\t\t\t\t<div class=\"elementor-element elementor-element-3cecf3d elementor-widget elementor-widget-heading\" data-id=\"3cecf3d\" data-element_type=\"widget\" data-widget_type=\"heading.default\">\n\t\t\t\t<div class=\"elementor-widget-container\">\n\t\t\t\t\t<h1 class=\"elementor-heading-title elementor-size-default\">OPCJE DODATKOWE<\/h1>\t\t\t\t<\/div>\n\t\t\t\t<\/div>\n\t\t\t\t<div class=\"elementor-element elementor-element-e2738af elementor-widget elementor-widget-text-editor\" data-id=\"e2738af\" data-element_type=\"widget\" data-widget_type=\"text-editor.default\">\n\t\t\t\t<div class=\"elementor-widget-container\">\n\t\t\t\t\t\t\t\t\t<h4>Foto-ksi\u0105\u017cka 30x30cm, 16 kart z indywidualnym grawerem<\/h4><ul><li>Ok\u0142adka z eko sk\u00f3ry,sk\u00f3ry lub p\u0142\u00f3tna<\/li><li>Grawer, nadruk uv, kolor, faktur\u0119-wybieracie sami<\/li><\/ul><h4>Foto-ksi\u0105\u017cka 30x30cm, 30 kart z indywidualnym grawerem<\/h4><ul><li>Ok\u0142adka z eko sk\u00f3ry,sk\u00f3ry lub p\u0142\u00f3tna<\/li><li>Grawer, nadruk uv, kolor, faktur\u0119-wybieracie sami<\/li><\/ul><h4>Foto-ksi\u0105\u017cka pakiet 2+1\u00a0<br \/>W pakiecie:<br \/>\u2013 foto-ksi\u0105\u017cka 30\u00d730 (30 kart.) \u2013 1 sztuka<br \/>\u2013 foto-ksi\u0105\u017cka 20\u00d720 (30 kart.) \u2013 2 sztuki dla Waszych rodzic\u00f3w<\/h4><ul><li>Ok\u0142adka z eko sk\u00f3ry,sk\u00f3ry lub p\u0142\u00f3tna<\/li><li>Grawer, nadruk uv, kolor, faktur\u0119-wybieracie sami<\/li><\/ul><h4>Tradycyjny album wklejany 33x33cm,<\/h4><ul><li>30 kart przek\u0142adanych pergaminem<\/li><li>Ok\u0142adka z eko sk\u00f3ry,sk\u00f3ry lub p\u0142\u00f3tna<\/li><li>Grawer, nadruk uv, kolor, faktur\u0119-wybieracie sami<\/li><\/ul><p><strong>Poprawiny w drugi dzie\u0144<\/strong>\u00a0\u2013 dodatkowe 250 zdj\u0119\u0107 do materia\u0142u<\/p><p>Ka\u017cda dodatkowa godzina fotografa p\u0142atna.<br \/>Mo\u017cliwa obecno\u015b\u0107 drugiego fotografa podczas uroczysto\u015bci.<\/p><h4>Materia\u0142 (odbitki, pendrive USB) przekazany w drewnianym ozdobnym personalizowanym pude\u0142ku z grawerem.<\/h4><p>najmniejsi.com<br \/>Zadzwo\u0144 tel : 517-372-763<br \/>Napisz:\u00a0<a href=\"mailto:magda@najmniejsi.com\">magda@najmniejsi.com<\/a><\/p>\t\t\t\t\t\t\t\t<\/div>\n\t\t\t\t<\/div>\n\t\t\t\t<div class=\"elementor-element elementor-element-71dea78 elementor-widget-divider--view-line elementor-widget elementor-widget-divider\" data-id=\"71dea78\" data-element_type=\"widget\" data-widget_type=\"divider.default\">\n\t\t\t\t<div class=\"elementor-widget-container\">\n\t\t\t\t\t\t\t<div class=\"elementor-divider\">\n\t\t\t<span class=\"elementor-divider-separator\">\n\t\t\t\t\t\t<\/span>\n\t\t<\/div>\n\t\t\t\t\t\t<\/div>\n\t\t\t\t<\/div>\n\t\t\t\t\t<\/div>\n\t\t\t\t<\/div>\n\t\t\t\t<\/div>\n\t\t","protected":false},"excerpt":{"rendered":"<p>REPORTA\u017b \u015aLUBNY 12 godzin pracy fotografa obejmuje: przygotowania; b\u0142ogos\u0142awie\u0144stwo; ceremonie \u015blubn\u0105; zdj\u0119cia grupowe, portrety; przyj\u0119cie weselne do oczepin w\u0142\u0105cznie(do godziny\u00a01:00). \u00a0 Otrzymujecie: materia\u0142 zdj\u0119ciowy (600 zdj\u0119\u0107) poddany autorskiej obr\u00f3bce przekazany na spersonalizowanym dysku USB; 3<span class=\"more-button\"><a href=\"https:\/\/najmniejsi.com\/index.php\/oferta\/fotografia-slubna-2\/\" class=\"more-link\">Continue reading<span class=\"screen-reader-text\">Fotografia \u015alubna<\/span><i class=\"fa fa-angle-right\" aria-hidden=\"true\"><\/i><\/a><\/span><\/p>\n","protected":false},"author":1,"featured_media":0,"parent":21,"menu_order":0,"comment_status":"closed","ping_status":"closed","template":"","meta":{"pgc_sgb_lightbox_settings":"","jetpack_post_was_ever_published":false,"footnotes":""},"class_list":["post-74","page","type-page","status-publish","hentry"],"jetpack_sharing_enabled":true,"jetpack_shortlink":"https:\/\/wp.me\/P9JUqJ-1c","jetpack_likes_enabled":true,"jetpack-related-posts":[],"_links":{"self":[{"href":"https:\/\/najmniejsi.com\/index.php\/wp-json\/wp\/v2\/pages\/74","targetHints":{"allow":["GET"]}}],"collection":[{"href":"https:\/\/najmniejsi.com\/index.php\/wp-json\/wp\/v2\/pages"}],"about":[{"href":"https:\/\/najmniejsi.com\/index.php\/wp-json\/wp\/v2\/types\/page"}],"author":[{"embeddable":true,"href":"https:\/\/najmniejsi.com\/index.php\/wp-json\/wp\/v2\/users\/1"}],"replies":[{"embeddable":true,"href":"https:\/\/najmniejsi.com\/index.php\/wp-json\/wp\/v2\/comments?post=74"}],"version-history":[{"count":42,"href":"https:\/\/najmniejsi.com\/index.php\/wp-json\/wp\/v2\/pages\/74\/revisions"}],"predecessor-version":[{"id":104951,"href":"https:\/\/najmniejsi.com\/index.php\/wp-json\/wp\/v2\/pages\/74\/revisions\/104951"}],"up":[{"embeddable":true,"href":"https:\/\/najmniejsi.com\/index.php\/wp-json\/wp\/v2\/pages\/21"}],"wp:attachment":[{"href":"https:\/\/najmniejsi.com\/index.php\/wp-json\/wp\/v2\/media?parent=74"}],"curies":[{"name":"wp","href":"https:\/\/api.w.org\/{rel}","templated":true}]}}